{"id":5447,"date":"2026-03-21T17:07:25","date_gmt":"2026-03-21T17:07:25","guid":{"rendered":"https:\/\/apollo.eco\/?page_id=5447"},"modified":"2026-03-21T17:07:26","modified_gmt":"2026-03-21T17:07:26","slug":"whistleblower-policy","status":"publish","type":"page","link":"https:\/\/apollo.eco\/tr\/whistleblower-policy\/","title":{"rendered":"Bilgi S\u0131zd\u0131ran Politikas\u0131"},"content":{"rendered":"","protected":false},"excerpt":{"rendered":"","protected":false},"author":7,"featured_media":0,"parent":0,"menu_order":0,"comment_status":"closed","ping_status":"closed","template":"","meta":{"_acf_changed":false,"content-type":"","footnotes":""},"class_list":["post-5447","page","type-page","status-publish","hentry"],"acf":[],"_links":{"self":[{"href":"https:\/\/apollo.eco\/tr\/wp-json\/wp\/v2\/pages\/5447","targetHints":{"allow":["GET"]}}],"collection":[{"href":"https:\/\/apollo.eco\/tr\/wp-json\/wp\/v2\/pages"}],"about":[{"href":"https:\/\/apollo.eco\/tr\/wp-json\/wp\/v2\/types\/page"}],"author":[{"embeddable":true,"href":"https:\/\/apollo.eco\/tr\/wp-json\/wp\/v2\/users\/7"}],"replies":[{"embeddable":true,"href":"https:\/\/apollo.eco\/tr\/wp-json\/wp\/v2\/comments?post=5447"}],"version-history":[{"count":1,"href":"https:\/\/apollo.eco\/tr\/wp-json\/wp\/v2\/pages\/5447\/revisions"}],"predecessor-version":[{"id":5448,"href":"https:\/\/apollo.eco\/tr\/wp-json\/wp\/v2\/pages\/5447\/revisions\/5448"}],"wp:attachment":[{"href":"https:\/\/apollo.eco\/tr\/wp-json\/wp\/v2\/media?parent=5447"}],"curies":[{"name":"wp","href":"https:\/\/api.w.org\/{rel}","templated":true}]}}